{"id":22,"date":"2024-12-23T23:52:26","date_gmt":"2024-12-23T22:52:26","guid":{"rendered":"https:\/\/deltadesigns.fr\/?page_id=22"},"modified":"2024-12-26T03:23:40","modified_gmt":"2024-12-26T02:23:40","slug":"modelisation-3d","status":"publish","type":"page","link":"https:\/\/deltadesigns.fr\/index.php\/modelisation-3d\/","title":{"rendered":"MODELISATION 3D"},"content":{"rendered":"\n<p>La mod\u00e9lisation 3D est une technique de cr\u00e9ation de repr\u00e9sentations num\u00e9riques tridimensionnelles d&rsquo;objets. Utilis\u00e9e dans divers domaines tels que l&rsquo;architecture, le cin\u00e9ma, les jeux vid\u00e9o, l&rsquo;ing\u00e9nierie et la fabrication, elle permet de visualiser et de manipuler des concepts et des id\u00e9es de mani\u00e8re r\u00e9aliste.<\/p>\n\n\n\n<p>Gr\u00e2ce \u00e0 des logiciels sp\u00e9cialis\u00e9s, les cr\u00e9ateurs peuvent concevoir des mod\u00e8les d\u00e9taill\u00e9s et complexes en d\u00e9finissant des formes g\u00e9om\u00e9triques, en appliquant des textures et en ajoutant des effets lumineux. L&rsquo;impression 3D permet ensuite de transformer ces mod\u00e8les virtuels en objets physiques, ouvrant ainsi la voie \u00e0 des possibilit\u00e9s de prototypage rapide et de production personnalis\u00e9e.<\/p>\n\n\n\n<p>La mod\u00e9lisation 3D r\u00e9volutionne la mani\u00e8re dont nous concevons et interagissons avec le monde, offrant une fen\u00eatre sur des innovations sans fin et des cr\u00e9ations fascinantes.<\/p>\n","protected":false},"excerpt":{"rendered":"<p>La mod\u00e9lisation 3D est une technique de cr\u00e9ation de repr\u00e9sentations num\u00e9riques tridimensionnelles d&rsquo;objets. Utilis\u00e9e dans divers domaines tels que l&rsquo;architecture, le cin\u00e9ma, les jeux vid\u00e9o, l&rsquo;ing\u00e9nierie et la fabrication, elle permet de visualiser et de manipuler des concepts et des id\u00e9es de mani\u00e8re r\u00e9aliste. Gr\u00e2ce \u00e0 des logiciels sp\u00e9cialis\u00e9s, les cr\u00e9ateurs peuvent concevoir des mod\u00e8les [&hellip;]<\/p>\n","protected":false},"author":1,"featured_media":23,"parent":0,"menu_order":0,"comment_status":"closed","ping_status":"closed","template":"","meta":{"footnotes":""},"class_list":["post-22","page","type-page","status-publish","has-post-thumbnail","hentry"],"_links":{"self":[{"href":"https:\/\/deltadesigns.fr\/index.php\/wp-json\/wp\/v2\/pages\/22","targetHints":{"allow":["GET"]}}],"collection":[{"href":"https:\/\/deltadesigns.fr\/index.php\/wp-json\/wp\/v2\/pages"}],"about":[{"href":"https:\/\/deltadesigns.fr\/index.php\/wp-json\/wp\/v2\/types\/page"}],"author":[{"embeddable":true,"href":"https:\/\/deltadesigns.fr\/index.php\/wp-json\/wp\/v2\/users\/1"}],"replies":[{"embeddable":true,"href":"https:\/\/deltadesigns.fr\/index.php\/wp-json\/wp\/v2\/comments?post=22"}],"version-history":[{"count":3,"href":"https:\/\/deltadesigns.fr\/index.php\/wp-json\/wp\/v2\/pages\/22\/revisions"}],"predecessor-version":[{"id":60,"href":"https:\/\/deltadesigns.fr\/index.php\/wp-json\/wp\/v2\/pages\/22\/revisions\/60"}],"wp:featuredmedia":[{"embeddable":true,"href":"https:\/\/deltadesigns.fr\/index.php\/wp-json\/wp\/v2\/media\/23"}],"wp:attachment":[{"href":"https:\/\/deltadesigns.fr\/index.php\/wp-json\/wp\/v2\/media?parent=22"}],"curies":[{"name":"wp","href":"https:\/\/api.w.org\/{rel}","templated":true}]}}